{"id":96,"date":"2025-09-25T16:19:56","date_gmt":"2025-09-25T14:19:56","guid":{"rendered":"https:\/\/enterprisearchitect.se\/?page_id=96"},"modified":"2025-09-29T10:56:05","modified_gmt":"2025-09-29T08:56:05","slug":"contact-us","status":"publish","type":"page","link":"https:\/\/enterprisearchitect.se\/en\/contact-us\/","title":{"rendered":"Contact"},"content":{"rendered":"\n<div class=\"wp-block-group alignfull has-background-background-color has-background has-global-padding is-layout-constrained wp-container-core-group-is-layout-e96f6837 wp-block-group-is-layout-constrained\" style=\"border-top-width:1px;margin-top:0;margin-bottom:0;padding-top:0;padding-right:0;padding-bottom:0;padding-left:0\">\n<div class=\"wp-block-columns alignfull is-layout-flex wp-container-core-columns-is-layout-d2a8f814 wp-block-columns-is-layout-flex\" style=\"padding-top:0;padding-bottom:0\">\n<div class=\"wp-block-column is-vertically-aligned-stretch is-layout-flow wp-block-column-is-layout-flow\"><\/div>\n<\/div>\n<\/div>\n\n\n\n<div class=\"wp-block-group alignfull has-tertiary-background-color has-background has-global-padding is-layout-constrained wp-container-core-group-is-layout-2bc1b312 wp-block-group-is-layout-constrained\" id=\"contact\" style=\"margin-top:0;margin-bottom:0;padding-top:var(--wp--preset--spacing--60);padding-bottom:var(--wp--preset--spacing--60)\">\n<div class=\"wp-block-group has-global-padding is-layout-constrained wp-block-group-is-layout-constrained\">\n<h2 class=\"wp-block-heading has-text-align-center has-large-font-size\">Contact Enterprise Architect.se<\/h2>\n\n\n\n<p class=\"has-text-align-center\" style=\"margin-top:16px\">Find office locations, contact numbers, and email addresses here for seamless communication.<\/p>\n<\/div>\n\n\n\n<div class=\"wp-block-columns alignwide is-layout-flex wp-container-core-columns-is-layout-f3e73c6b wp-block-columns-is-layout-flex\" style=\"border-width:1px;padding-top:var(--wp--preset--spacing--30);padding-right:var(--wp--preset--spacing--30);padding-bottom:var(--wp--preset--spacing--30);padding-left:var(--wp--preset--spacing--30)\">\n<div class=\"wp-block-column is-layout-flow wp-block-column-is-layout-flow\" style=\"padding-top:var(--wp--preset--spacing--30);padding-right:var(--wp--preset--spacing--30);padding-bottom:var(--wp--preset--spacing--30);padding-left:var(--wp--preset--spacing--30)\"><style id=\"wpforms-css-vars-11-block-406c62bf-d413-4f54-9e34-6ea96a36e1dd\">\n\t\t\t\t#wpforms-11.wpforms-block-406c62bf-d413-4f54-9e34-6ea96a36e1dd {\n\t\t\t\t--wpforms-field-size-input-height: 43px;\n--wpforms-field-size-input-spacing: 15px;\n--wpforms-field-size-font-size: 16px;\n--wpforms-field-size-line-height: 19px;\n--wpforms-field-size-padding-h: 14px;\n--wpforms-field-size-checkbox-size: 16px;\n--wpforms-field-size-sublabel-spacing: 5px;\n--wpforms-field-size-icon-size: 1;\n--wpforms-label-size-font-size: 16px;\n--wpforms-label-size-line-height: 19px;\n--wpforms-label-size-sublabel-font-size: 14px;\n--wpforms-label-size-sublabel-line-height: 17px;\n--wpforms-button-size-font-size: 17px;\n--wpforms-button-size-height: 41px;\n--wpforms-button-size-padding-h: 15px;\n--wpforms-button-size-margin-top: 10px;\n\t\t\t}\n\t\t\t<\/style><div class=\"wpforms-container wpforms-container-full wpforms-block wpforms-block-406c62bf-d413-4f54-9e34-6ea96a36e1dd wpforms-render-modern\" id=\"wpforms-11\"><form id=\"wpforms-form-11\" class=\"wpforms-validate wpforms-form wpforms-ajax-form\" data-formid=\"11\" method=\"post\" enctype=\"multipart\/form-data\" action=\"\/en\/wp-json\/wp\/v2\/pages\/96\" data-token=\"3064b06bb7b5c7ddaebaaf2fd8d78ecd\" data-token-time=\"1777210726\"><noscript class=\"wpforms-error-noscript\">Please enable JavaScript in your browser to complete this form.<\/noscript><div id=\"wpforms-error-noscript\" style=\"display: none;\">Please enable JavaScript in your browser to complete this form.<\/div><div class=\"wpforms-field-container\"><div id=\"wpforms-11-field_5-container\" class=\"wpforms-field wpforms-field-select wpforms-field-select-style-classic\" data-field-id=\"5\"><label class=\"wpforms-field-label\" for=\"wpforms-11-field_5\">Dropdown<\/label><select id=\"wpforms-11-field_5\" class=\"wpforms-field-medium\" name=\"wpforms[fields][5]\"><option value=\"EA in Business\"  class=\"choice-1 depth-1\"  >EA in Business<\/option><option value=\"EA as profession\"  class=\"choice-2 depth-1\"  >EA as profession<\/option><option value=\"EA Community\"  class=\"choice-3 depth-1\"  >EA Community<\/option><option value=\"Support\"  class=\"choice-4 depth-1\"  >Support<\/option><\/select><\/div><div id=\"wpforms-11-field_3-container\" class=\"wpforms-field wpforms-field-text\" data-field-id=\"3\"><label class=\"wpforms-field-label\" for=\"wpforms-11-field_3\">Subject<\/label><input type=\"text\" id=\"wpforms-11-field_3\" class=\"wpforms-field-large\" name=\"wpforms[fields][3]\" aria-errormessage=\"wpforms-11-field_3-error\" ><\/div><div id=\"wpforms-11-field_4-container\" class=\"wpforms-field wpforms-field-textarea\" data-field-id=\"4\"><label class=\"wpforms-field-label\" for=\"wpforms-11-field_4\">Message <span class=\"wpforms-required-label\" aria-hidden=\"true\">*<\/span><\/label><textarea id=\"wpforms-11-field_4\" class=\"wpforms-field-large wpforms-field-required\" name=\"wpforms[fields][4]\" aria-errormessage=\"wpforms-11-field_4-error\" required><\/textarea><\/div><div id=\"wpforms-11-field_1-container\" class=\"wpforms-field wpforms-field-name\" data-field-id=\"1\"><label class=\"wpforms-field-label\" for=\"wpforms-11-field_1\">Name <span class=\"wpforms-required-label\" aria-hidden=\"true\">*<\/span><\/label><input type=\"text\" id=\"wpforms-11-field_1\" class=\"wpforms-field-large wpforms-field-required\" name=\"wpforms[fields][1]\" aria-errormessage=\"wpforms-11-field_1-error\" required><\/div>\t\t<div id=\"wpforms-11-field_6-container\"\n\t\t\tclass=\"wpforms-field wpforms-field-text\"\n\t\t\tdata-field-type=\"text\"\n\t\t\tdata-field-id=\"6\"\n\t\t\t>\n\t\t\t<label class=\"wpforms-field-label\" for=\"wpforms-11-field_6\" >Email Name Subject<\/label>\n\t\t\t<input type=\"text\" id=\"wpforms-11-field_6\" class=\"wpforms-field-medium\" name=\"wpforms[fields][6]\" >\n\t\t<\/div>\n\t\t<div id=\"wpforms-11-field_2-container\" class=\"wpforms-field wpforms-field-email\" data-field-id=\"2\"><label class=\"wpforms-field-label\" for=\"wpforms-11-field_2\">Email <span class=\"wpforms-required-label\" aria-hidden=\"true\">*<\/span><\/label><input type=\"email\" id=\"wpforms-11-field_2\" class=\"wpforms-field-large wpforms-field-required\" name=\"wpforms[fields][2]\" spellcheck=\"false\" aria-errormessage=\"wpforms-11-field_2-error\" required><\/div><script>\n\t\t\t\t( function() {\n\t\t\t\t\tconst style = document.createElement( 'style' );\n\t\t\t\t\tstyle.appendChild( document.createTextNode( '#wpforms-11-field_6-container { position: absolute !important; overflow: hidden !important; display: inline !important; height: 1px !important; width: 1px !important; z-index: -1000 !important; padding: 0 !important; } #wpforms-11-field_6-container input { visibility: hidden; } #wpforms-conversational-form-page #wpforms-11-field_6-container label { counter-increment: none; }' ) );\n\t\t\t\t\tdocument.head.appendChild( style );\n\t\t\t\t\tdocument.currentScript?.remove();\n\t\t\t\t} )();\n\t\t\t<\/script><\/div><!-- .wpforms-field-container --><div class=\"wpforms-recaptcha-container wpforms-is-recaptcha wpforms-is-recaptcha-type-v3\" ><input type=\"hidden\" name=\"wpforms[recaptcha]\" value=\"\"><\/div><div class=\"wpforms-submit-container\" ><input type=\"hidden\" name=\"wpforms[id]\" value=\"11\"><input type=\"hidden\" name=\"page_title\" value=\"\"><input type=\"hidden\" name=\"page_url\" value=\"https:\/\/enterprisearchitect.se\/en\/wp-json\/wp\/v2\/pages\/96\"><input type=\"hidden\" name=\"url_referer\" value=\"\"><button type=\"submit\" name=\"wpforms[submit]\" id=\"wpforms-submit-11\" class=\"wpforms-submit\" data-alt-text=\"Sending...\" data-submit-text=\"Submit\" aria-live=\"assertive\" value=\"wpforms-submit\">Submit<\/button><img loading=\"lazy\" decoding=\"async\" src=\"https:\/\/enterprisearchitect.se\/wp-content\/plugins\/wpforms-lite\/assets\/images\/submit-spin.svg\" class=\"wpforms-submit-spinner\" style=\"display: none;\" width=\"26\" height=\"26\" alt=\"Loading\"><\/div><\/form><\/div>  <!-- .wpforms-container --><\/div>\n<\/div>\n<\/div>\n","protected":false},"excerpt":{"rendered":"<p>Contact Enterprise Architect.se Find office locations, contact numbers, and email addresses here for seamless communication.<\/p>\n","protected":false},"author":2,"featured_media":0,"parent":0,"menu_order":0,"comment_status":"closed","ping_status":"closed","template":"no-title","meta":{"om_disable_all_campaigns":false,"footnotes":""},"class_list":["post-96","page","type-page","status-publish","hentry"],"aioseo_notices":[],"aioseo_head":"\n\t\t<!-- All in One SEO Pro 4.9.6.2 - aioseo.com -->\n\t<meta name=\"description\" content=\"Find all Enterprise Architect.se contact details and office locations for smooth communication with our comprehensive guide.\" \/>\n\t<meta name=\"robots\" content=\"max-image-preview:large\" \/>\n\t<meta name=\"msvalidate.01\" content=\"f\" \/>\n\t<link rel=\"canonical\" href=\"https:\/\/enterprisearchitect.se\/en\/contact-us\/\" \/>\n\t<meta name=\"generator\" content=\"All in One SEO Pro (AIOSEO) 4.9.6.2\" \/>\n\t\t<meta property=\"og:locale\" content=\"en_US\" \/>\n\t\t<meta property=\"og:site_name\" content=\"Enterprise Architect | From complexity to clarity - Enterprise Architects make transformation possible\" \/>\n\t\t<meta property=\"og:type\" content=\"article\" \/>\n\t\t<meta property=\"og:title\" content=\"Contact | Enterprise Architect\" \/>\n\t\t<meta property=\"og:description\" content=\"Find all Enterprise Architect.se contact details and office locations for smooth communication with our comprehensive guide.\" \/>\n\t\t<meta property=\"og:url\" content=\"https:\/\/enterprisearchitect.se\/en\/contact-us\/\" \/>\n\t\t<meta property=\"article:published_time\" content=\"2025-09-25T14:19:56+00:00\" \/>\n\t\t<meta property=\"article:modified_time\" content=\"2025-09-29T08:56:05+00:00\" \/>\n\t\t<meta name=\"twitter:card\" content=\"summary_large_image\" \/>\n\t\t<meta name=\"twitter:title\" content=\"Contact | Enterprise Architect\" \/>\n\t\t<meta name=\"twitter:description\" content=\"Find all Enterprise Architect.se contact details and office locations for smooth communication with our comprehensive guide.\" \/>\n\t\t<script type=\"application\/ld+json\" class=\"aioseo-schema\">\n\t\t\t{\"@context\":\"https:\\\/\\\/schema.org\",\"@graph\":[{\"@type\":\"BreadcrumbList\",\"@id\":\"https:\\\/\\\/enterprisearchitect.se\\\/en\\\/contact-us\\\/#breadcrumblist\",\"itemListElement\":[{\"@type\":\"ListItem\",\"@id\":\"https:\\\/\\\/enterprisearchitect.se\\\/en#listItem\",\"position\":1,\"name\":\"Home\",\"item\":\"https:\\\/\\\/enterprisearchitect.se\\\/en\",\"nextItem\":{\"@type\":\"ListItem\",\"@id\":\"https:\\\/\\\/enterprisearchitect.se\\\/en\\\/contact-us\\\/#listItem\",\"name\":\"Contact\"}},{\"@type\":\"ListItem\",\"@id\":\"https:\\\/\\\/enterprisearchitect.se\\\/en\\\/contact-us\\\/#listItem\",\"position\":2,\"name\":\"Contact\",\"previousItem\":{\"@type\":\"ListItem\",\"@id\":\"https:\\\/\\\/enterprisearchitect.se\\\/en#listItem\",\"name\":\"Home\"}}]},{\"@type\":\"Organization\",\"@id\":\"https:\\\/\\\/enterprisearchitect.se\\\/en\\\/#organization\",\"name\":\"Enterprise Architect\",\"description\":\"From complexity to clarity - Enterprise Architects make transformation possible\",\"url\":\"https:\\\/\\\/enterprisearchitect.se\\\/en\\\/\",\"telephone\":\"+46859252200\",\"foundingDate\":\"2015-09-01\",\"numberOfEmployees\":{\"@type\":\"QuantitativeValue\",\"minValue\":0,\"maxValue\":10},\"logo\":{\"@type\":\"ImageObject\",\"url\":\"https:\\\/\\\/enterprisearchitect.se\\\/wp-content\\\/uploads\\\/2025\\\/09\\\/fulllogo_nobuffer.jpg\",\"@id\":\"https:\\\/\\\/enterprisearchitect.se\\\/en\\\/contact-us\\\/#organizationLogo\",\"width\":1280,\"height\":1149,\"caption\":\"Logo Enterprise Architect.se\"},\"image\":{\"@id\":\"https:\\\/\\\/enterprisearchitect.se\\\/en\\\/contact-us\\\/#organizationLogo\"},\"sameAs\":[\"https:\\\/\\\/www.linkedin.com\\\/showcase\\\/enterprise-architect-se\\\/\"],\"address\":{\"@id\":\"https:\\\/\\\/enterprisearchitect.se\\\/en\\\/#postaladdress\",\"@type\":\"PostalAddress\",\"streetAddress\":\"V\\u00e4stra J\\u00e4rnv\\u00e4gsgatan 3, 9tr,\",\"postalCode\":\"11164\",\"addressLocality\":\"Stockholm\",\"addressRegion\":\"Stockholm\",\"addressCountry\":\"SE\"}},{\"@type\":\"WebPage\",\"@id\":\"https:\\\/\\\/enterprisearchitect.se\\\/en\\\/contact-us\\\/#webpage\",\"url\":\"https:\\\/\\\/enterprisearchitect.se\\\/en\\\/contact-us\\\/\",\"name\":\"Contact | Enterprise Architect\",\"description\":\"Find all Enterprise Architect.se contact details and office locations for smooth communication with our comprehensive guide.\",\"inLanguage\":\"en-US\",\"isPartOf\":{\"@id\":\"https:\\\/\\\/enterprisearchitect.se\\\/en\\\/#website\"},\"breadcrumb\":{\"@id\":\"https:\\\/\\\/enterprisearchitect.se\\\/en\\\/contact-us\\\/#breadcrumblist\"},\"datePublished\":\"2025-09-25T16:19:56+02:00\",\"dateModified\":\"2025-09-29T10:56:05+02:00\"},{\"@type\":\"WebSite\",\"@id\":\"https:\\\/\\\/enterprisearchitect.se\\\/en\\\/#website\",\"url\":\"https:\\\/\\\/enterprisearchitect.se\\\/en\\\/\",\"name\":\"Enterprise Architect\",\"description\":\"From complexity to clarity - Enterprise Architects make transformation possible\",\"inLanguage\":\"en-US\",\"publisher\":{\"@id\":\"https:\\\/\\\/enterprisearchitect.se\\\/en\\\/#organization\"}}]}\n\t\t<\/script>\n\t\t<!-- All in One SEO Pro -->\r\n\t\t<title>Contact | Enterprise Architect<\/title>\n\n","aioseo_head_json":{"title":"Contact | Enterprise Architect","description":"Find all Enterprise Architect.se contact details and office locations for smooth communication with our comprehensive guide.","canonical_url":"https:\/\/enterprisearchitect.se\/en\/contact-us\/","robots":"max-image-preview:large","keywords":"","webmasterTools":{"msvalidate.01":"f","miscellaneous":""},"schema":{"@context":"https:\/\/schema.org","@graph":[{"@type":"BreadcrumbList","@id":"https:\/\/enterprisearchitect.se\/en\/contact-us\/#breadcrumblist","itemListElement":[{"@type":"ListItem","@id":"https:\/\/enterprisearchitect.se\/en#listItem","position":1,"name":"Home","item":"https:\/\/enterprisearchitect.se\/en","nextItem":{"@type":"ListItem","@id":"https:\/\/enterprisearchitect.se\/en\/contact-us\/#listItem","name":"Contact"}},{"@type":"ListItem","@id":"https:\/\/enterprisearchitect.se\/en\/contact-us\/#listItem","position":2,"name":"Contact","previousItem":{"@type":"ListItem","@id":"https:\/\/enterprisearchitect.se\/en#listItem","name":"Home"}}]},{"@type":"Organization","@id":"https:\/\/enterprisearchitect.se\/en\/#organization","name":"Enterprise Architect","description":"From complexity to clarity - Enterprise Architects make transformation possible","url":"https:\/\/enterprisearchitect.se\/en\/","telephone":"+46859252200","foundingDate":"2015-09-01","numberOfEmployees":{"@type":"QuantitativeValue","minValue":0,"maxValue":10},"logo":{"@type":"ImageObject","url":"https:\/\/enterprisearchitect.se\/wp-content\/uploads\/2025\/09\/fulllogo_nobuffer.jpg","@id":"https:\/\/enterprisearchitect.se\/en\/contact-us\/#organizationLogo","width":1280,"height":1149,"caption":"Logo Enterprise Architect.se"},"image":{"@id":"https:\/\/enterprisearchitect.se\/en\/contact-us\/#organizationLogo"},"sameAs":["https:\/\/www.linkedin.com\/showcase\/enterprise-architect-se\/"],"address":{"@id":"https:\/\/enterprisearchitect.se\/en\/#postaladdress","@type":"PostalAddress","streetAddress":"V\u00e4stra J\u00e4rnv\u00e4gsgatan 3, 9tr,","postalCode":"11164","addressLocality":"Stockholm","addressRegion":"Stockholm","addressCountry":"SE"}},{"@type":"WebPage","@id":"https:\/\/enterprisearchitect.se\/en\/contact-us\/#webpage","url":"https:\/\/enterprisearchitect.se\/en\/contact-us\/","name":"Contact | Enterprise Architect","description":"Find all Enterprise Architect.se contact details and office locations for smooth communication with our comprehensive guide.","inLanguage":"en-US","isPartOf":{"@id":"https:\/\/enterprisearchitect.se\/en\/#website"},"breadcrumb":{"@id":"https:\/\/enterprisearchitect.se\/en\/contact-us\/#breadcrumblist"},"datePublished":"2025-09-25T16:19:56+02:00","dateModified":"2025-09-29T10:56:05+02:00"},{"@type":"WebSite","@id":"https:\/\/enterprisearchitect.se\/en\/#website","url":"https:\/\/enterprisearchitect.se\/en\/","name":"Enterprise Architect","description":"From complexity to clarity - Enterprise Architects make transformation possible","inLanguage":"en-US","publisher":{"@id":"https:\/\/enterprisearchitect.se\/en\/#organization"}}]},"og:locale":"en_US","og:site_name":"Enterprise Architect | From complexity to clarity - Enterprise Architects make transformation possible","og:type":"article","og:title":"Contact | Enterprise Architect","og:description":"Find all Enterprise Architect.se contact details and office locations for smooth communication with our comprehensive guide.","og:url":"https:\/\/enterprisearchitect.se\/en\/contact-us\/","article:published_time":"2025-09-25T14:19:56+00:00","article:modified_time":"2025-09-29T08:56:05+00:00","twitter:card":"summary_large_image","twitter:title":"Contact | Enterprise Architect","twitter:description":"Find all Enterprise Architect.se contact details and office locations for smooth communication with our comprehensive guide."},"aioseo_meta_data":{"post_id":"96","title":null,"description":"Find all Enterprise Architect.se contact details and office locations for smooth communication with our comprehensive guide.","keywords":null,"keyphrases":{"focus":{"keyphrase":"","score":0,"analysis":{"keyphraseInTitle":{"score":0,"maxScore":9,"error":1}}},"additional":[]},"primary_term":null,"canonical_url":null,"og_title":null,"og_description":null,"og_object_type":"default","og_image_type":"default","og_image_url":null,"og_image_width":null,"og_image_height":null,"og_image_custom_url":null,"og_image_custom_fields":null,"og_video":"","og_custom_url":null,"og_article_section":null,"og_article_tags":null,"twitter_use_og":false,"twitter_card":"default","twitter_image_type":"default","twitter_image_url":null,"twitter_image_custom_url":null,"twitter_image_custom_fields":null,"twitter_title":null,"twitter_description":null,"schema":{"blockGraphs":[],"customGraphs":[],"default":{"data":{"Article":[],"Course":[],"Dataset":[],"FAQPage":[],"Movie":[],"Person":[],"Product":[],"ProductReview":[],"Car":[],"Recipe":[],"Service":[],"SoftwareApplication":[],"WebPage":[]},"graphName":"WebPage","isEnabled":true},"graphs":[]},"schema_type":"default","schema_type_options":null,"pillar_content":false,"robots_default":true,"robots_noindex":false,"robots_noarchive":false,"robots_nosnippet":false,"robots_nofollow":false,"robots_noimageindex":false,"robots_noodp":false,"robots_notranslate":false,"robots_max_snippet":"-1","robots_max_videopreview":"-1","robots_max_imagepreview":"large","priority":null,"frequency":"default","local_seo":null,"seo_analyzer_scan_date":"2025-09-29 08:56:10","breadcrumb_settings":null,"limit_modified_date":false,"reviewed_by":null,"open_ai":null,"ai":{"faqs":[],"keyPoints":[],"titles":[],"descriptions":["Find all Enterprise Architect.se contact details and office locations for smooth communication with our comprehensive guide.","Seamlessly connect with Enterprise Architect.se\u2014discover office locations, contact numbers, and email addresses easily.","Need to reach Enterprise Architect.se? Access complete contact info, office locations, and communication channels here.","Get in touch with Enterprise Architect.se effortlessly\u2014find office addresses, phone numbers, and emails in one place.","Explore Enterprise Architect.se\u2019s contact options and office locations to ensure seamless communication and support."],"socialPosts":{"email":[],"linkedin":[],"twitter":[],"facebook":[],"instagram":[]}},"created":"2025-09-25 14:14:15","updated":"2025-10-22 01:04:28"},"aioseo_breadcrumb":"<div class=\"aioseo-breadcrumbs\"><span class=\"aioseo-breadcrumb\">\n\t<a href=\"https:\/\/enterprisearchitect.se\/en\" title=\"Home\">Home<\/a>\n<\/span><span class=\"aioseo-breadcrumb-separator\">&raquo;<\/span><span class=\"aioseo-breadcrumb\">\n\tContact\n<\/span><\/div>","aioseo_breadcrumb_json":[{"label":"Home","link":"https:\/\/enterprisearchitect.se\/en"},{"label":"Contact","link":"https:\/\/enterprisearchitect.se\/en\/contact-us\/"}],"_links":{"self":[{"href":"https:\/\/enterprisearchitect.se\/en\/wp-json\/wp\/v2\/pages\/96","targetHints":{"allow":["GET"]}}],"collection":[{"href":"https:\/\/enterprisearchitect.se\/en\/wp-json\/wp\/v2\/pages"}],"about":[{"href":"https:\/\/enterprisearchitect.se\/en\/wp-json\/wp\/v2\/types\/page"}],"author":[{"embeddable":true,"href":"https:\/\/enterprisearchitect.se\/en\/wp-json\/wp\/v2\/users\/2"}],"replies":[{"embeddable":true,"href":"https:\/\/enterprisearchitect.se\/en\/wp-json\/wp\/v2\/comments?post=96"}],"version-history":[{"count":0,"href":"https:\/\/enterprisearchitect.se\/en\/wp-json\/wp\/v2\/pages\/96\/revisions"}],"wp:attachment":[{"href":"https:\/\/enterprisearchitect.se\/en\/wp-json\/wp\/v2\/media?parent=96"}],"curies":[{"name":"wp","href":"https:\/\/api.w.org\/{rel}","templated":true}]}}